{"id":75,"date":"2023-09-28T22:03:13","date_gmt":"2023-09-29T01:03:13","guid":{"rendered":"https:\/\/mahled.com\/?page_id=75"},"modified":"2025-11-20T18:12:45","modified_gmt":"2025-11-20T21:12:45","slug":"pagina-principal","status":"publish","type":"page","link":"https:\/\/mahled.com\/","title":{"rendered":"MAHLED &#8211; HOME"},"content":{"rendered":"\t\t<div data-elementor-type=\"wp-page\" data-elementor-id=\"75\" class=\"elementor elementor-75\" data-elementor-post-type=\"page\">\n\t\t\t\t<div class=\"elementor-element elementor-element-27552f3 e-con-full e-flex e-con e-parent\" data-id=\"27552f3\" data-element_type=\"container\" data-settings=\"{&quot;background_background&quot;:&quot;slideshow&quot;,&quot;background_slideshow_gallery&quot;:[{&quot;id&quot;:639,&quot;url&quot;:&quot;https:\\\/\\\/mahled.com\\\/wp-content\\\/uploads\\\/2025\\\/11\\\/Captura-de-pantalla-2025-11-02-161343-1.png&quot;},{&quot;id&quot;:625,&quot;url&quot;:&quot;https:\\\/\\\/mahled.com\\\/wp-content\\\/uploads\\\/2025\\\/11\\\/D_NQ_NP_2X_740967-MLA96995183249_112025-F-e1763585858224.webp&quot;}],&quot;background_slideshow_slide_transition&quot;:&quot;slide_left&quot;,&quot;background_slideshow_loop&quot;:&quot;yes&quot;,&quot;background_slideshow_slide_duration&quot;:5000,&quot;background_slideshow_transition_duration&quot;:500}\">\n\t\t\t\t<div class=\"elementor-element elementor-element-2d9773c elementor-widget elementor-widget-heading\" data-id=\"2d9773c\" data-element_type=\"widget\" data-widget_type=\"heading.default\">\n\t\t\t\t<div class=\"elementor-widget-container\">\n\t\t\t\t\t<h1 class=\"elementor-heading-title elementor-size-default\">Nuestos Importados<\/h1>\t\t\t\t<\/div>\n\t\t\t\t<\/div>\n\t\t<div class=\"elementor-element elementor-element-0840492 e-con-full e-flex e-con e-child\" data-id=\"0840492\" data-element_type=\"container\" data-settings=\"{&quot;position&quot;:&quot;absolute&quot;}\">\n\t\t\t\t<div class=\"elementor-element elementor-element-6f6a593 elementor-widget__width-initial elementor-absolute elementor-widget-tablet__width-initial elementor-widget-mobile__width-initial elementor-widget elementor-widget-heading\" data-id=\"6f6a593\" data-element_type=\"widget\" data-settings=\"{&quot;_position&quot;:&quot;absolute&quot;}\" data-widget_type=\"heading.default\">\n\t\t\t\t<div class=\"elementor-widget-container\">\n\t\t\t\t\t<h2 class=\"elementor-heading-title elementor-size-default\"><a href=\"https:\/\/mahled.com\/index.php\/galeria\/\">Ilumina y Embellece tu piscina<\/a><\/h2>\t\t\t\t<\/div>\n\t\t\t\t<\/div>\n\t\t\t\t<div class=\"elementor-element elementor-element-3ea7cd5 elementor-absolute elementor-widget elementor-widget-heading\" data-id=\"3ea7cd5\" data-element_type=\"widget\" data-settings=\"{&quot;_position&quot;:&quot;absolute&quot;}\" data-widget_type=\"heading.default\">\n\t\t\t\t<div class=\"elementor-widget-container\">\n\t\t\t\t\t<h2 class=\"elementor-heading-title elementor-size-default\"><a href=\"https:\/\/mahled.com\/index.php\/galeria\/\">Ver mas<\/a><\/h2>\t\t\t\t<\/div>\n\t\t\t\t<\/div>\n\t\t\t\t<\/div>\n\t\t\t\t<\/div>\n\t\t<div class=\"elementor-element elementor-element-7b66dec e-con-full e-flex e-con e-parent\" data-id=\"7b66dec\" data-element_type=\"container\" data-settings=\"{&quot;background_background&quot;:&quot;gradient&quot;}\">\n\t\t\t\t<\/div>\n\t\t<div class=\"elementor-element elementor-element-5fda1a4 e-con-full e-flex e-con e-parent\" data-id=\"5fda1a4\" data-element_type=\"container\">\n\t\t\t\t<div class=\"elementor-element elementor-element-fa77a80 elementor-widget elementor-widget-image\" data-id=\"fa77a80\" data-element_type=\"widget\" data-widget_type=\"image.default\">\n\t\t\t\t<div class=\"elementor-widget-container\">\n\t\t\t\t\t\t\t\t\t\t\t\t\t\t\t\t<a href=\"https:\/\/mahled.com\/index.php\/nuestros-trabajos\/\">\n\t\t\t\t\t\t\t<img fetchpriority=\"high\" decoding=\"async\" width=\"1240\" height=\"400\" src=\"https:\/\/mahled.com\/wp-content\/uploads\/2023\/09\/16157827-5.png\" class=\"attachment-full size-full wp-image-23\" alt=\"\" srcset=\"https:\/\/mahled.com\/wp-content\/uploads\/2023\/09\/16157827-5.png 1240w, https:\/\/mahled.com\/wp-content\/uploads\/2023\/09\/16157827-5-300x97.png 300w, https:\/\/mahled.com\/wp-content\/uploads\/2023\/09\/16157827-5-1024x330.png 1024w, https:\/\/mahled.com\/wp-content\/uploads\/2023\/09\/16157827-5-768x248.png 768w\" sizes=\"(max-width: 1240px) 100vw, 1240px\" \/>\t\t\t\t\t\t\t\t<\/a>\n\t\t\t\t\t\t\t\t\t\t\t\t\t\t\t<\/div>\n\t\t\t\t<\/div>\n\t\t\t\t<\/div>\n\t\t<div class=\"elementor-element elementor-element-30ee5ef e-con-full e-flex e-con e-parent\" data-id=\"30ee5ef\" data-element_type=\"container\">\n\t\t\t\t<div class=\"elementor-element elementor-element-6fde77a elementor-widget elementor-widget-text-editor\" data-id=\"6fde77a\" data-element_type=\"widget\" data-widget_type=\"text-editor.default\">\n\t\t\t\t<div class=\"elementor-widget-container\">\n\t\t\t\t\t\t\t\t\t<h1><strong>Recomendados<\/strong><\/h1>\t\t\t\t\t\t\t\t<\/div>\n\t\t\t\t<\/div>\n\t\t\t\t<\/div>\n\t\t<div class=\"elementor-element elementor-element-14ef124 e-flex e-con-boxed e-con e-parent\" data-id=\"14ef124\" data-element_type=\"container\">\n\t\t\t\t\t<div class=\"e-con-inner\">\n\t\t<div class=\"elementor-element elementor-element-78b6f5e e-flex e-con-boxed e-con e-child\" data-id=\"78b6f5e\" data-element_type=\"container\">\n\t\t\t\t\t<div class=\"e-con-inner\">\n\t\t\t\t<div class=\"elementor-element elementor-element-010b304 elementor-position-top elementor-widget elementor-widget-image-box\" data-id=\"010b304\" data-element_type=\"widget\" data-widget_type=\"image-box.default\">\n\t\t\t\t<div class=\"elementor-widget-container\">\n\t\t\t\t\t<div class=\"elementor-image-box-wrapper\"><figure class=\"elementor-image-box-img\"><img decoding=\"async\" width=\"286\" height=\"286\" src=\"https:\/\/mahled.com\/wp-content\/uploads\/2023\/09\/199922170.png\" class=\"attachment-full size-full wp-image-26\" alt=\"\" srcset=\"https:\/\/mahled.com\/wp-content\/uploads\/2023\/09\/199922170.png 286w, https:\/\/mahled.com\/wp-content\/uploads\/2023\/09\/199922170-150x150.png 150w\" sizes=\"(max-width: 286px) 100vw, 286px\" \/><\/figure><div class=\"elementor-image-box-content\"><h3 class=\"elementor-image-box-title\">Acero IP68<\/h3><p class=\"elementor-image-box-description\">Led 36W<\/p><\/div><\/div>\t\t\t\t<\/div>\n\t\t\t\t<\/div>\n\t\t\t\t<div class=\"elementor-element elementor-element-0f2cc7b elementor-align-center elementor-widget elementor-widget-button\" data-id=\"0f2cc7b\" data-element_type=\"widget\" data-widget_type=\"button.default\">\n\t\t\t\t<div class=\"elementor-widget-container\">\n\t\t\t\t\t\t\t\t\t<div class=\"elementor-button-wrapper\">\n\t\t\t\t\t<a class=\"elementor-button elementor-button-link elementor-size-sm\" href=\"https:\/\/mahled.com\/index.php\/galeria\/\">\n\t\t\t\t\t\t<span class=\"elementor-button-content-wrapper\">\n\t\t\t\t\t\t\t\t\t<span class=\"elementor-button-text\">Ver m\u00e1s<\/span>\n\t\t\t\t\t<\/span>\n\t\t\t\t\t<\/a>\n\t\t\t\t<\/div>\n\t\t\t\t\t\t\t\t<\/div>\n\t\t\t\t<\/div>\n\t\t\t\t\t<\/div>\n\t\t\t\t<\/div>\n\t\t<div class=\"elementor-element elementor-element-af41265 e-flex e-con-boxed e-con e-child\" data-id=\"af41265\" data-element_type=\"container\">\n\t\t\t\t\t<div class=\"e-con-inner\">\n\t\t\t\t<div class=\"elementor-element elementor-element-2d26c33 elementor-position-top elementor-widget elementor-widget-image-box\" data-id=\"2d26c33\" data-element_type=\"widget\" data-widget_type=\"image-box.default\">\n\t\t\t\t<div class=\"elementor-widget-container\">\n\t\t\t\t\t<div class=\"elementor-image-box-wrapper\"><figure class=\"elementor-image-box-img\"><img decoding=\"async\" width=\"286\" height=\"286\" src=\"https:\/\/mahled.com\/wp-content\/uploads\/2023\/09\/199922269.png\" class=\"attachment-full size-full wp-image-27\" alt=\"\" srcset=\"https:\/\/mahled.com\/wp-content\/uploads\/2023\/09\/199922269.png 286w, https:\/\/mahled.com\/wp-content\/uploads\/2023\/09\/199922269-150x150.png 150w\" sizes=\"(max-width: 286px) 100vw, 286px\" \/><\/figure><div class=\"elementor-image-box-content\"><h3 class=\"elementor-image-box-title\">Blanca<\/h3><p class=\"elementor-image-box-description\">Led 30W<\/p><\/div><\/div>\t\t\t\t<\/div>\n\t\t\t\t<\/div>\n\t\t\t\t<div class=\"elementor-element elementor-element-ea08fed elementor-align-center elementor-widget elementor-widget-button\" data-id=\"ea08fed\" data-element_type=\"widget\" data-widget_type=\"button.default\">\n\t\t\t\t<div class=\"elementor-widget-container\">\n\t\t\t\t\t\t\t\t\t<div class=\"elementor-button-wrapper\">\n\t\t\t\t\t<a class=\"elementor-button elementor-button-link elementor-size-sm\" href=\"https:\/\/mahled.com\/index.php\/galeria\/\">\n\t\t\t\t\t\t<span class=\"elementor-button-content-wrapper\">\n\t\t\t\t\t\t\t\t\t<span class=\"elementor-button-text\">Ver m\u00e1s<\/span>\n\t\t\t\t\t<\/span>\n\t\t\t\t\t<\/a>\n\t\t\t\t<\/div>\n\t\t\t\t\t\t\t\t<\/div>\n\t\t\t\t<\/div>\n\t\t\t\t\t<\/div>\n\t\t\t\t<\/div>\n\t\t<div class=\"elementor-element elementor-element-2f955b9 e-flex e-con-boxed e-con e-child\" data-id=\"2f955b9\" data-element_type=\"container\">\n\t\t\t\t\t<div class=\"e-con-inner\">\n\t\t\t\t<div class=\"elementor-element elementor-element-c1640a3 elementor-position-top elementor-widget elementor-widget-image-box\" data-id=\"c1640a3\" data-element_type=\"widget\" data-widget_type=\"image-box.default\">\n\t\t\t\t<div class=\"elementor-widget-container\">\n\t\t\t\t\t<div class=\"elementor-image-box-wrapper\"><figure class=\"elementor-image-box-img\"><img loading=\"lazy\" decoding=\"async\" width=\"286\" height=\"286\" src=\"https:\/\/mahled.com\/wp-content\/uploads\/2023\/09\/199922368.png\" class=\"attachment-full size-full wp-image-29\" alt=\"\" srcset=\"https:\/\/mahled.com\/wp-content\/uploads\/2023\/09\/199922368.png 286w, https:\/\/mahled.com\/wp-content\/uploads\/2023\/09\/199922368-150x150.png 150w, https:\/\/mahled.com\/wp-content\/uploads\/2023\/09\/elementor\/thumbs\/199922368-qd1py7ik3pe4wct1enr23mhc284to539vtsi9723m8.png 200w\" sizes=\"(max-width: 286px) 100vw, 286px\" \/><\/figure><div class=\"elementor-image-box-content\"><h3 class=\"elementor-image-box-title\">RGB Blanca<\/h3><p class=\"elementor-image-box-description\">Led 20 W<\/p><\/div><\/div>\t\t\t\t<\/div>\n\t\t\t\t<\/div>\n\t\t\t\t<div class=\"elementor-element elementor-element-9fb0cee elementor-align-center elementor-widget elementor-widget-button\" data-id=\"9fb0cee\" data-element_type=\"widget\" data-widget_type=\"button.default\">\n\t\t\t\t<div class=\"elementor-widget-container\">\n\t\t\t\t\t\t\t\t\t<div class=\"elementor-button-wrapper\">\n\t\t\t\t\t<a class=\"elementor-button elementor-button-link elementor-size-sm\" href=\"https:\/\/mahled.com\/index.php\/galeria\/\">\n\t\t\t\t\t\t<span class=\"elementor-button-content-wrapper\">\n\t\t\t\t\t\t\t\t\t<span class=\"elementor-button-text\">Ver m\u00e1s<\/span>\n\t\t\t\t\t<\/span>\n\t\t\t\t\t<\/a>\n\t\t\t\t<\/div>\n\t\t\t\t\t\t\t\t<\/div>\n\t\t\t\t<\/div>\n\t\t\t\t\t<\/div>\n\t\t\t\t<\/div>\n\t\t<div class=\"elementor-element elementor-element-fe097d9 e-flex e-con-boxed e-con e-child\" data-id=\"fe097d9\" data-element_type=\"container\">\n\t\t\t\t\t<div class=\"e-con-inner\">\n\t\t\t\t<div class=\"elementor-element elementor-element-ef930a9 elementor-position-top elementor-widget elementor-widget-image-box\" data-id=\"ef930a9\" data-element_type=\"widget\" data-widget_type=\"image-box.default\">\n\t\t\t\t<div class=\"elementor-widget-container\">\n\t\t\t\t\t<div class=\"elementor-image-box-wrapper\"><figure class=\"elementor-image-box-img\"><img loading=\"lazy\" decoding=\"async\" width=\"286\" height=\"286\" src=\"https:\/\/mahled.com\/wp-content\/uploads\/2023\/09\/199922467.png\" class=\"attachment-full size-full wp-image-28\" alt=\"\" srcset=\"https:\/\/mahled.com\/wp-content\/uploads\/2023\/09\/199922467.png 286w, https:\/\/mahled.com\/wp-content\/uploads\/2023\/09\/199922467-150x150.png 150w\" sizes=\"(max-width: 286px) 100vw, 286px\" \/><\/figure><div class=\"elementor-image-box-content\"><h3 class=\"elementor-image-box-title\">RGB IP68<\/h3><p class=\"elementor-image-box-description\">Led 36W<\/p><\/div><\/div>\t\t\t\t<\/div>\n\t\t\t\t<\/div>\n\t\t\t\t<div class=\"elementor-element elementor-element-163e460 elementor-align-center elementor-widget elementor-widget-button\" data-id=\"163e460\" data-element_type=\"widget\" data-widget_type=\"button.default\">\n\t\t\t\t<div class=\"elementor-widget-container\">\n\t\t\t\t\t\t\t\t\t<div class=\"elementor-button-wrapper\">\n\t\t\t\t\t<a class=\"elementor-button elementor-button-link elementor-size-sm\" href=\"https:\/\/mahled.com\/index.php\/galeria\/\">\n\t\t\t\t\t\t<span class=\"elementor-button-content-wrapper\">\n\t\t\t\t\t\t\t\t\t<span class=\"elementor-button-text\">Ver m\u00e1s<\/span>\n\t\t\t\t\t<\/span>\n\t\t\t\t\t<\/a>\n\t\t\t\t<\/div>\n\t\t\t\t\t\t\t\t<\/div>\n\t\t\t\t<\/div>\n\t\t\t\t\t<\/div>\n\t\t\t\t<\/div>\n\t\t\t\t\t<\/div>\n\t\t\t\t<\/div>\n\t\t\t\t<\/div>\n\t\t","protected":false},"excerpt":{"rendered":"<p>Nuestos Importados Ilumina y Embellece tu piscina Ver mas Recomendados Acero IP68 Led 36W Ver m\u00e1s Blanca Led 30W Ver m\u00e1s RGB Blanca Led 20 W Ver m\u00e1s RGB IP68 Led 36W Ver m\u00e1s<\/p>\n","protected":false},"author":1,"featured_media":0,"parent":0,"menu_order":0,"comment_status":"closed","ping_status":"closed","template":"","meta":{"footnotes":""},"class_list":["post-75","page","type-page","status-publish","hentry"],"_links":{"self":[{"href":"https:\/\/mahled.com\/index.php\/wp-json\/wp\/v2\/pages\/75"}],"collection":[{"href":"https:\/\/mahled.com\/index.php\/wp-json\/wp\/v2\/pages"}],"about":[{"href":"https:\/\/mahled.com\/index.php\/wp-json\/wp\/v2\/types\/page"}],"author":[{"embeddable":true,"href":"https:\/\/mahled.com\/index.php\/wp-json\/wp\/v2\/users\/1"}],"replies":[{"embeddable":true,"href":"https:\/\/mahled.com\/index.php\/wp-json\/wp\/v2\/comments?post=75"}],"version-history":[{"count":181,"href":"https:\/\/mahled.com\/index.php\/wp-json\/wp\/v2\/pages\/75\/revisions"}],"predecessor-version":[{"id":825,"href":"https:\/\/mahled.com\/index.php\/wp-json\/wp\/v2\/pages\/75\/revisions\/825"}],"wp:attachment":[{"href":"https:\/\/mahled.com\/index.php\/wp-json\/wp\/v2\/media?parent=75"}],"curies":[{"name":"wp","href":"https:\/\/api.w.org\/{rel}","templated":true}]}}